{"id":610,"date":"2025-01-21T20:15:38","date_gmt":"2025-01-21T20:15:38","guid":{"rendered":"https:\/\/www.malarbadenscamping.se\/buch\/"},"modified":"2025-11-26T10:01:09","modified_gmt":"2025-11-26T10:01:09","slug":"buch","status":"publish","type":"page","link":"https:\/\/malarbaden.webbfabriken.cloud\/de\/buch\/","title":{"rendered":"Buch"},"content":{"rendered":"\n<div class=\"wp-block-stackable-columns stk-block-columns stk-block stk-3f11282\" data-block-id=\"3f11282\"><style>.stk-3f11282 {margin-top:80px !important;}<\/style><div class=\"stk-row stk-inner-blocks stk-block-content stk-content-align stk-3f11282-column\">\n<div class=\"wp-block-stackable-column stk-block-column stk-column stk-block stk-e1f416b\" data-v=\"4\" data-block-id=\"e1f416b\"><div class=\"stk-column-wrapper stk-block-column__content stk-container stk-e1f416b-container stk--no-background stk--no-padding\"><div class=\"has-text-align-center stk-block-content stk-inner-blocks stk-e1f416b-inner-blocks\">\n<div class=\"wp-block-stackable-heading stk-block-heading stk-block-heading--v2 stk-block stk-e211919\" id=\"valkommen-till-malarbadens-camping-onlinebokning\" data-block-id=\"e211919\"><h1 class=\"stk-block-heading__text\">Willkommen bei M\u00e4larbadens Camping Online-Buchung!<\/h1><\/div>\n\n\n\n<div class=\"wp-block-stackable-text stk-block-text stk-block stk-9b63758\" data-block-id=\"9b63758\"><p class=\"stk-block-text__text\">M\u00e4larbadens camping har 78 platser f\u00f6r husbilar och husvagnar samt f\u00f6r n\u00e5gra t\u00e4lt och det finns 6 stugor att hyra.<br\/>Alla priser \u00e4r inklusive moms.<\/p><\/div>\n\n\n\n<p><strong>Bokningen f\u00f6r 2026 \u00f6ppnar i b\u00f6rjan av november.<\/strong><\/p>\n\n\n\n    <iframe id=\"comersMapIframe\" src=\"https:\/\/mbc.comers.se\/pages\/showpage.jsp?page_cd=I.CALENDAR&#038;lang_cd=sv\" scrolling=\"no\" frameborder=\"0\" width=\"100%\" style=\"padding-bottom: 20px;\"><\/iframe>\n    <script type=\"text\/javascript\">\n        document.addEventListener('DOMContentLoaded', function() {\n            iFrameResize({ log: false, minHeight: 400, checkOrigin: false }, '#comersMapIframe');\n\t\t\t\n\t\t\t\n\t\t\t(function() {\n\t\t\t\tconst searchUrl = sessionStorage.getItem('searchUrl');\n\t\t\t\tif (searchUrl && searchUrl.startsWith('https:\/\/mbc.comers.se\/pages\/gwt.logic.search.CheckCalcPrice.action')) {\n\t\t\t\t\tconst bookingIframe = document.getElementById('comersBookingIframe');\n\t\t\t\t\tif (bookingIframe) {\n\t\t\t\t\t\tbookingIframe.src = searchUrl;\n\t\t\t\t\t} else {\n\t\t\t\t\t\tconst bookingIframeSelf = document.getElementById('comersMapIframe');\n\t\t\t\t\t\tif (bookingIframeSelf) {\n\t\t\t\t\t\t\tbookingIframeSelf.src = searchUrl;\n\t\t\t\t\t\t}\n\t\t\t\t\t}\n\t\t\t\t}\n\t\t\t})();\n        });\n    <\/script>\n    \n\t<iframe id=\"comersBookingIframe\" src=\"https:\/\/mbc.comers.se\/pages\/SiteLanguage.action?lang_cd=sv\" scrolling=\"no\" frameborder=\"0\" width=\"100%\" style=\"padding-bottom: 20px;\"><\/iframe>\n\t<script type=\"text\/javascript\">\n\t\tdocument.addEventListener('DOMContentLoaded', function() {\n\t\t\tiFrameResize({ log: false, minHeight: 600, checkOrigin: false }, '#comersBookingIframe');\n\t\t});\n\t<\/script>\n    \n<\/div><\/div><\/div>\n<\/div><\/div>\n","protected":false},"excerpt":{"rendered":"<p>Willkommen bei M\u00e4larbadens Camping Online-Buchung! M\u00e4larbadens camping har 78 platser f\u00f6r husbilar och husvagnar samt f\u00f6r n\u00e5gra t\u00e4lt och det finns 6 stugor att hyra.Alla priser \u00e4r inklusive moms. Bokningen f\u00f6r 2026 \u00f6ppnar i b\u00f6rjan av november.<\/p>\n","protected":false},"author":1,"featured_media":0,"parent":0,"menu_order":0,"comment_status":"closed","ping_status":"closed","template":"","meta":{"footnotes":""},"class_list":["post-610","page","type-page","status-publish","hentry"],"blocksy_meta":[],"_links":{"self":[{"href":"https:\/\/malarbaden.webbfabriken.cloud\/de\/wp-json\/wp\/v2\/pages\/610","targetHints":{"allow":["GET"]}}],"collection":[{"href":"https:\/\/malarbaden.webbfabriken.cloud\/de\/wp-json\/wp\/v2\/pages"}],"about":[{"href":"https:\/\/malarbaden.webbfabriken.cloud\/de\/wp-json\/wp\/v2\/types\/page"}],"author":[{"embeddable":true,"href":"https:\/\/malarbaden.webbfabriken.cloud\/de\/wp-json\/wp\/v2\/users\/1"}],"replies":[{"embeddable":true,"href":"https:\/\/malarbaden.webbfabriken.cloud\/de\/wp-json\/wp\/v2\/comments?post=610"}],"version-history":[{"count":6,"href":"https:\/\/malarbaden.webbfabriken.cloud\/de\/wp-json\/wp\/v2\/pages\/610\/revisions"}],"predecessor-version":[{"id":967,"href":"https:\/\/malarbaden.webbfabriken.cloud\/de\/wp-json\/wp\/v2\/pages\/610\/revisions\/967"}],"wp:attachment":[{"href":"https:\/\/malarbaden.webbfabriken.cloud\/de\/wp-json\/wp\/v2\/media?parent=610"}],"curies":[{"name":"wp","href":"https:\/\/api.w.org\/{rel}","templated":true}]}}