{"id":322,"date":"2024-12-12T13:20:58","date_gmt":"2024-12-12T13:20:58","guid":{"rendered":"https:\/\/www.malarbadenscamping.se\/how-to-find-us\/"},"modified":"2025-01-21T20:08:28","modified_gmt":"2025-01-21T20:08:28","slug":"how-to-find-us","status":"publish","type":"page","link":"https:\/\/malarbaden.webbfabriken.cloud\/en\/how-to-find-us\/","title":{"rendered":"How to find us"},"content":{"rendered":"\n<div class=\"wp-block-stackable-heading stk-block-heading stk-block-heading--v2 stk-block stk-3be56aa\" id=\"hitta-till-oss\" data-block-id=\"3be56aa\"><h1 class=\"stk-block-heading__text\">How to find us<\/h1><\/div>\n\n<div class=\"wp-block-stackable-columns stk-block-columns stk-block stk-a2b407c\" data-block-id=\"a2b407c\"><style>.stk-a2b407c .stk--block-align-a2b407c{align-items:center !important;}.stk-a2b407c {margin-bottom:0px !important;}.stk-a2b407c-column{--stk-column-gap:50px !important;}@media screen and (max-width:999px){.stk-a2b407c {--stk-col-order-1:2 !important;--stk-col-order-2:1 !important;}}@media screen and (max-width:689px){.stk-a2b407c {--stk-col-order-1:2 !important;--stk-col-order-2:1 !important;}}<\/style><div class=\"stk-row stk-inner-blocks stk--block-align-a2b407c stk-block-content stk-content-align stk-a2b407c-column\">\n<div class=\"wp-block-stackable-column stk-block-column stk-column stk-block stk-6867f6d\" data-v=\"4\" data-block-id=\"6867f6d\"><style>.stk-6867f6d-container{margin-top:0px !important;margin-right:0px !important;margin-bottom:0px !important;margin-left:0px !important;}@media screen and (min-width:690px) and (max-width:999px){.stk-6867f6d {flex:var(--stk-flex-grow, 1) 1 calc(100% - var(--stk-column-gap, 0px) * 0 \/ 1 ) !important;}}<\/style><div class=\"stk-column-wrapper stk-block-column__content stk-container stk-6867f6d-container stk--no-background stk--no-padding\"><div class=\"stk-block-content stk-inner-blocks stk-6867f6d-inner-blocks\">\n<div class=\"wp-block-stackable-heading stk-block-heading stk-block-heading--v2 stk-block stk-30791dd\" id=\"vagbeskrivning\" data-block-id=\"30791dd\"><style>.stk-30791dd .stk-block-heading__text{font-size:24px !important;}@media screen and (max-width:999px){.stk-30791dd .stk-block-heading__text{font-size:24px !important;}}<\/style><h2 class=\"stk-block-heading__text\">Directions<\/h2><\/div>\n\n\n\n<div class=\"wp-block-stackable-text stk-block-text stk-block stk-20dc467\" data-block-id=\"20dc467\"><style>.stk-20dc467 {margin-bottom:0px !important;}<\/style><p class=\"stk-block-text__text\">Take exit 130-Trafikplats Folkesta from E20. Follow Folkestav\u00e4gen and Nybyv\u00e4gen towards M\u00e4larbadsv\u00e4gen. <\/p><\/div>\n\n\n\n<p><\/p>\n\n\n\n<div class=\"wp-block-stackable-heading stk-block-heading stk-block-heading--v2 stk-block stk-82433a2\" id=\"gps-koordinater\" data-block-id=\"82433a2\"><style>.stk-82433a2 .stk-block-heading__text{font-size:24px !important;}@media screen and (max-width:999px){.stk-82433a2 .stk-block-heading__text{font-size:24px !important;}}<\/style><h3 class=\"stk-block-heading__text\">GPS coordinates<\/h3><\/div>\n\n\n\n<div class=\"wp-block-stackable-text stk-block-text stk-block stk-0a461c2\" data-block-id=\"0a461c2\"><p class=\"stk-block-text__text\">59.45176541878656, 16.43659797975933<\/p><\/div>\n<\/div><\/div><\/div>\n\n\n\n<div class=\"wp-block-stackable-column stk-block-column stk-column stk-block stk-46d93aa\" data-v=\"4\" data-block-id=\"46d93aa\"><style>.stk-46d93aa-container{margin-top:0px !important;margin-right:0px !important;margin-bottom:0px !important;margin-left:0px !important;}@media screen and (min-width:690px) and (max-width:999px){.stk-46d93aa {flex:var(--stk-flex-grow, 1) 1 calc(100% - var(--stk-column-gap, 0px) * 0 \/ 1 ) !important;}}<\/style><div class=\"stk-column-wrapper stk-block-column__content stk-container stk-46d93aa-container stk--no-background stk--no-padding\"><div class=\"stk-block-content stk-inner-blocks stk-46d93aa-inner-blocks\">\n<div class=\"wp-block-stackable-image stk-block-image stk-block stk-a483987\" data-block-id=\"a483987\"><style>.stk-a483987 .stk-img-wrapper{width:100% !important;height:437px !important;}@media screen and (max-width:689px){.stk-a483987 .stk-img-wrapper{width:100% !important;height:100% !important;}}<\/style><figure><span class=\"stk-img-wrapper stk-image--shape-stretch\"><img loading=\"lazy\" decoding=\"async\" class=\"stk-img wp-image-48\" src=\"https:\/\/www.malarbadenscamping.se\/wp-content\/uploads\/2024\/04\/Malarbaden-karta-24-800x.jpg\" width=\"800\" height=\"566\" srcset=\"https:\/\/malarbaden.webbfabriken.cloud\/wp-content\/uploads\/2024\/04\/Malarbaden-karta-24-800x.jpg 800w, https:\/\/malarbaden.webbfabriken.cloud\/wp-content\/uploads\/2024\/04\/Malarbaden-karta-24-800x-300x212.jpg 300w, https:\/\/malarbaden.webbfabriken.cloud\/wp-content\/uploads\/2024\/04\/Malarbaden-karta-24-800x-768x543.jpg 768w\" sizes=\"auto, (max-width: 800px) 100vw, 800px\" \/><\/span><\/figure><\/div>\n<\/div><\/div><\/div>\n<\/div><\/div>\n","protected":false},"excerpt":{"rendered":"<p>How to find us Directions Take exit 130-Trafikplats Folkesta from E20. Follow Folkestav\u00e4gen and Nybyv\u00e4gen towards M\u00e4larbadsv\u00e4gen. GPS coordinates 59.45176541878656, 16.43659797975933<\/p>\n","protected":false},"author":1,"featured_media":0,"parent":0,"menu_order":0,"comment_status":"closed","ping_status":"closed","template":"","meta":{"footnotes":""},"class_list":["post-322","page","type-page","status-publish","hentry"],"blocksy_meta":[],"_links":{"self":[{"href":"https:\/\/malarbaden.webbfabriken.cloud\/en\/wp-json\/wp\/v2\/pages\/322","targetHints":{"allow":["GET"]}}],"collection":[{"href":"https:\/\/malarbaden.webbfabriken.cloud\/en\/wp-json\/wp\/v2\/pages"}],"about":[{"href":"https:\/\/malarbaden.webbfabriken.cloud\/en\/wp-json\/wp\/v2\/types\/page"}],"author":[{"embeddable":true,"href":"https:\/\/malarbaden.webbfabriken.cloud\/en\/wp-json\/wp\/v2\/users\/1"}],"replies":[{"embeddable":true,"href":"https:\/\/malarbaden.webbfabriken.cloud\/en\/wp-json\/wp\/v2\/comments?post=322"}],"version-history":[{"count":5,"href":"https:\/\/malarbaden.webbfabriken.cloud\/en\/wp-json\/wp\/v2\/pages\/322\/revisions"}],"predecessor-version":[{"id":586,"href":"https:\/\/malarbaden.webbfabriken.cloud\/en\/wp-json\/wp\/v2\/pages\/322\/revisions\/586"}],"wp:attachment":[{"href":"https:\/\/malarbaden.webbfabriken.cloud\/en\/wp-json\/wp\/v2\/media?parent=322"}],"curies":[{"name":"wp","href":"https:\/\/api.w.org\/{rel}","templated":true}]}}